{"id":4541,"date":"2025-01-13T12:00:50","date_gmt":"2025-01-13T11:00:50","guid":{"rendered":"https:\/\/fameco.dragster.digital\/cookiepolicy\/"},"modified":"2025-01-28T16:22:11","modified_gmt":"2025-01-28T15:22:11","slug":"cookiepolicy","status":"publish","type":"page","link":"https:\/\/fameco.dragster.digital\/sv\/cookiepolicy\/","title":{"rendered":"Cookiepolicy"},"content":{"rendered":"\t\t<div data-elementor-type=\"wp-page\" data-elementor-id=\"4541\" class=\"elementor elementor-4541\" data-elementor-post-type=\"page\">\n\t\t\t\t<div class=\"elementor-element elementor-element-18812818 e-flex e-con-boxed e-con e-parent\" data-id=\"18812818\" data-element_type=\"container\" data-e-type=\"container\">\n\t\t\t\t\t<div class=\"e-con-inner\">\n\t\t\t\t<div class=\"elementor-element elementor-element-9b4f9c9 split-words-2 elementor-widget elementor-widget-heading\" data-id=\"9b4f9c9\" data-element_type=\"widget\" data-e-type=\"widget\" data-widget_type=\"heading.default\">\n\t\t\t\t\t<h2 class=\"elementor-heading-title elementor-size-default\">Cookie Policy<\/h2>\t\t\t\t<\/div>\n\t\t\t\t<div class=\"elementor-element elementor-element-6d3499e elementor-widget elementor-widget-shortcode\" data-id=\"6d3499e\" data-element_type=\"widget\" data-e-type=\"widget\" data-widget_type=\"shortcode.default\">\n\t\t\t\t\t\t\t<div class=\"elementor-shortcode\">[cmplz-document type=\"cookie-statement\" region=\"eu\"]<\/div>\n\t\t\t\t\t\t<\/div>\n\t\t\t\t\t<\/div>\n\t\t\t\t<\/div>\n\t\t\t\t<\/div>\n\t\t","protected":false},"excerpt":{"rendered":"<p>Cookie Policy [cmplz-document type=&#8221;cookie-statement&#8221; region=&#8221;eu&#8221;]<\/p>\n","protected":false},"author":1,"featured_media":0,"parent":0,"menu_order":0,"comment_status":"closed","ping_status":"closed","template":"","meta":{"_acf_changed":false,"footnotes":""},"class_list":["post-4541","page","type-page","status-publish","hentry"],"acf":[],"yoast_head":"<!-- This site is optimized with the Yoast SEO plugin v24.3 - https:\/\/yoast.com\/wordpress\/plugins\/seo\/ -->\n<title>Cookiepolicy - FAMECO<\/title>\n<meta name=\"description\" content=\"Vi anv\u00e4nder cookies f\u00f6r att f\u00f6rb\u00e4ttra din upplevelse p\u00e5 v\u00e5r webbplats. L\u00e4s v\u00e5r cookiepolicy f\u00f6r detaljer om vilka cookies vi anv\u00e4nder.\" \/>\n<meta name=\"robots\" content=\"noindex, follow, max-snippet:-1, max-image-preview:large, max-video-preview:-1\" \/>\n<meta property=\"og:locale\" content=\"sv_SE\" \/>\n<meta property=\"og:type\" content=\"article\" \/>\n<meta property=\"og:title\" content=\"Cookiepolicy - FAMECO\" \/>\n<meta property=\"og:description\" content=\"Vi anv\u00e4nder cookies f\u00f6r att f\u00f6rb\u00e4ttra din upplevelse p\u00e5 v\u00e5r webbplats. L\u00e4s v\u00e5r cookiepolicy f\u00f6r detaljer om vilka cookies vi anv\u00e4nder.\" \/>\n<meta property=\"og:url\" content=\"https:\/\/fameco.dragster.digital\/sv\/cookiepolicy\/\" \/>\n<meta property=\"og:site_name\" content=\"FAMECO\" \/>\n<meta property=\"article:modified_time\" content=\"2025-01-28T15:22:11+00:00\" \/>\n<meta name=\"twitter:card\" content=\"summary_large_image\" \/>\n<meta name=\"twitter:label1\" content=\"Ber\u00e4knad l\u00e4stid\" \/>\n\t<meta name=\"twitter:data1\" content=\"1 minut\" \/>\n<script type=\"application\/ld+json\" class=\"yoast-schema-graph\">{\"@context\":\"https:\/\/schema.org\",\"@graph\":[{\"@type\":\"WebPage\",\"@id\":\"https:\/\/fameco.dragster.digital\/sv\/cookiepolicy\/\",\"url\":\"https:\/\/fameco.dragster.digital\/sv\/cookiepolicy\/\",\"name\":\"Cookiepolicy - FAMECO\",\"isPartOf\":{\"@id\":\"https:\/\/fameco.dragster.digital\/sv\/#website\"},\"datePublished\":\"2025-01-13T11:00:50+00:00\",\"dateModified\":\"2025-01-28T15:22:11+00:00\",\"description\":\"Vi anv\u00e4nder cookies f\u00f6r att f\u00f6rb\u00e4ttra din upplevelse p\u00e5 v\u00e5r webbplats. L\u00e4s v\u00e5r cookiepolicy f\u00f6r detaljer om vilka cookies vi anv\u00e4nder.\",\"breadcrumb\":{\"@id\":\"https:\/\/fameco.dragster.digital\/sv\/cookiepolicy\/#breadcrumb\"},\"inLanguage\":\"sv-SE\",\"potentialAction\":[{\"@type\":\"ReadAction\",\"target\":[\"https:\/\/fameco.dragster.digital\/sv\/cookiepolicy\/\"]}]},{\"@type\":\"BreadcrumbList\",\"@id\":\"https:\/\/fameco.dragster.digital\/sv\/cookiepolicy\/#breadcrumb\",\"itemListElement\":[{\"@type\":\"ListItem\",\"position\":1,\"name\":\"Home\",\"item\":\"https:\/\/fameco.dragster.digital\/sv\/\"},{\"@type\":\"ListItem\",\"position\":2,\"name\":\"Cookiepolicy\"}]},{\"@type\":\"WebSite\",\"@id\":\"https:\/\/fameco.dragster.digital\/sv\/#website\",\"url\":\"https:\/\/fameco.dragster.digital\/sv\/\",\"name\":\"FAMECO\",\"description\":\"A Keller &amp; Kalmbach Company\",\"publisher\":{\"@id\":\"https:\/\/fameco.dragster.digital\/sv\/#organization\"},\"potentialAction\":[{\"@type\":\"SearchAction\",\"target\":{\"@type\":\"EntryPoint\",\"urlTemplate\":\"https:\/\/fameco.dragster.digital\/sv\/?s={search_term_string}\"},\"query-input\":{\"@type\":\"PropertyValueSpecification\",\"valueRequired\":true,\"valueName\":\"search_term_string\"}}],\"inLanguage\":\"sv-SE\"},{\"@type\":\"Organization\",\"@id\":\"https:\/\/fameco.dragster.digital\/sv\/#organization\",\"name\":\"FAMECO\",\"url\":\"https:\/\/fameco.dragster.digital\/sv\/\",\"logo\":{\"@type\":\"ImageObject\",\"inLanguage\":\"sv-SE\",\"@id\":\"https:\/\/fameco.dragster.digital\/sv\/#\/schema\/logo\/image\/\",\"url\":\"https:\/\/fameco.dragster.digital\/wp-content\/uploads\/2024\/11\/Fameco_Logo_CMYK-11.webp\",\"contentUrl\":\"https:\/\/fameco.dragster.digital\/wp-content\/uploads\/2024\/11\/Fameco_Logo_CMYK-11.webp\",\"width\":600,\"height\":160,\"caption\":\"FAMECO\"},\"image\":{\"@id\":\"https:\/\/fameco.dragster.digital\/sv\/#\/schema\/logo\/image\/\"}}]}<\/script>\n<!-- \/ Yoast SEO plugin. -->","yoast_head_json":{"title":"Cookiepolicy - FAMECO","description":"Vi anv\u00e4nder cookies f\u00f6r att f\u00f6rb\u00e4ttra din upplevelse p\u00e5 v\u00e5r webbplats. L\u00e4s v\u00e5r cookiepolicy f\u00f6r detaljer om vilka cookies vi anv\u00e4nder.","robots":{"index":"noindex","follow":"follow","max-snippet":"max-snippet:-1","max-image-preview":"max-image-preview:large","max-video-preview":"max-video-preview:-1"},"og_locale":"sv_SE","og_type":"article","og_title":"Cookiepolicy - FAMECO","og_description":"Vi anv\u00e4nder cookies f\u00f6r att f\u00f6rb\u00e4ttra din upplevelse p\u00e5 v\u00e5r webbplats. L\u00e4s v\u00e5r cookiepolicy f\u00f6r detaljer om vilka cookies vi anv\u00e4nder.","og_url":"https:\/\/fameco.dragster.digital\/sv\/cookiepolicy\/","og_site_name":"FAMECO","article_modified_time":"2025-01-28T15:22:11+00:00","twitter_card":"summary_large_image","twitter_misc":{"Ber\u00e4knad l\u00e4stid":"1 minut"},"schema":{"@context":"https:\/\/schema.org","@graph":[{"@type":"WebPage","@id":"https:\/\/fameco.dragster.digital\/sv\/cookiepolicy\/","url":"https:\/\/fameco.dragster.digital\/sv\/cookiepolicy\/","name":"Cookiepolicy - FAMECO","isPartOf":{"@id":"https:\/\/fameco.dragster.digital\/sv\/#website"},"datePublished":"2025-01-13T11:00:50+00:00","dateModified":"2025-01-28T15:22:11+00:00","description":"Vi anv\u00e4nder cookies f\u00f6r att f\u00f6rb\u00e4ttra din upplevelse p\u00e5 v\u00e5r webbplats. L\u00e4s v\u00e5r cookiepolicy f\u00f6r detaljer om vilka cookies vi anv\u00e4nder.","breadcrumb":{"@id":"https:\/\/fameco.dragster.digital\/sv\/cookiepolicy\/#breadcrumb"},"inLanguage":"sv-SE","potentialAction":[{"@type":"ReadAction","target":["https:\/\/fameco.dragster.digital\/sv\/cookiepolicy\/"]}]},{"@type":"BreadcrumbList","@id":"https:\/\/fameco.dragster.digital\/sv\/cookiepolicy\/#breadcrumb","itemListElement":[{"@type":"ListItem","position":1,"name":"Home","item":"https:\/\/fameco.dragster.digital\/sv\/"},{"@type":"ListItem","position":2,"name":"Cookiepolicy"}]},{"@type":"WebSite","@id":"https:\/\/fameco.dragster.digital\/sv\/#website","url":"https:\/\/fameco.dragster.digital\/sv\/","name":"FAMECO","description":"A Keller &amp; Kalmbach Company","publisher":{"@id":"https:\/\/fameco.dragster.digital\/sv\/#organization"},"potentialAction":[{"@type":"SearchAction","target":{"@type":"EntryPoint","urlTemplate":"https:\/\/fameco.dragster.digital\/sv\/?s={search_term_string}"},"query-input":{"@type":"PropertyValueSpecification","valueRequired":true,"valueName":"search_term_string"}}],"inLanguage":"sv-SE"},{"@type":"Organization","@id":"https:\/\/fameco.dragster.digital\/sv\/#organization","name":"FAMECO","url":"https:\/\/fameco.dragster.digital\/sv\/","logo":{"@type":"ImageObject","inLanguage":"sv-SE","@id":"https:\/\/fameco.dragster.digital\/sv\/#\/schema\/logo\/image\/","url":"https:\/\/fameco.dragster.digital\/wp-content\/uploads\/2024\/11\/Fameco_Logo_CMYK-11.webp","contentUrl":"https:\/\/fameco.dragster.digital\/wp-content\/uploads\/2024\/11\/Fameco_Logo_CMYK-11.webp","width":600,"height":160,"caption":"FAMECO"},"image":{"@id":"https:\/\/fameco.dragster.digital\/sv\/#\/schema\/logo\/image\/"}}]}},"_links":{"self":[{"href":"https:\/\/fameco.dragster.digital\/sv\/wp-json\/wp\/v2\/pages\/4541","targetHints":{"allow":["GET"]}}],"collection":[{"href":"https:\/\/fameco.dragster.digital\/sv\/wp-json\/wp\/v2\/pages"}],"about":[{"href":"https:\/\/fameco.dragster.digital\/sv\/wp-json\/wp\/v2\/types\/page"}],"author":[{"embeddable":true,"href":"https:\/\/fameco.dragster.digital\/sv\/wp-json\/wp\/v2\/users\/1"}],"replies":[{"embeddable":true,"href":"https:\/\/fameco.dragster.digital\/sv\/wp-json\/wp\/v2\/comments?post=4541"}],"version-history":[{"count":7,"href":"https:\/\/fameco.dragster.digital\/sv\/wp-json\/wp\/v2\/pages\/4541\/revisions"}],"predecessor-version":[{"id":4627,"href":"https:\/\/fameco.dragster.digital\/sv\/wp-json\/wp\/v2\/pages\/4541\/revisions\/4627"}],"wp:attachment":[{"href":"https:\/\/fameco.dragster.digital\/sv\/wp-json\/wp\/v2\/media?parent=4541"}],"curies":[{"name":"wp","href":"https:\/\/api.w.org\/{rel}","templated":true}]}}